{"id":1719,"date":"2017-05-05T15:22:08","date_gmt":"2017-05-05T15:22:08","guid":{"rendered":"http:\/\/export-1.test-tangibledesign.net\/?page_id=1719"},"modified":"2024-07-31T12:05:59","modified_gmt":"2024-07-31T09:05:59","slug":"about-us","status":"publish","type":"page","link":"https:\/\/linaproperty.com\/de\/about-us\/","title":{"rendered":"\u00dcber uns"},"content":{"rendered":"<section class=\"wpb-content-wrapper\"><p>[vc_row][vc_column css=&#8220;.vc_custom_1512407858131{padding-top: 12px !important;padding-bottom: 24px !important;}&#8220;]<div class=\"mh-heading-wrapper--left \">\r\n\t\r\n        <div class=\"mh-heading-wrapper\">\r\n            <h3            class=\"mh-heading  mh-heading--bottom-separator    vc_custom_1609924740692\"\r\n            style=\"font-weight:700;\">\r\n\t\t\t\u00dcBER UNSERE FIRMA        <\/h3>\r\n\r\n\t\t    <\/div>\r\n\r\n\t<\/div>[\/vc_column][\/vc_row][vc_row][vc_column width=&#8220;2\/3&#8243; css=&#8220;.vc_custom_1512407858131{padding-top: 12px !important;padding-bottom: 24px !important;}&#8220;][vc_column_text]<strong>LINA PROPERTY Alanya ist hier!<\/strong><\/p>\n<p>Heute sind wir bereit, den Immobilienservice, der Verk\u00e4ufern, K\u00e4ufern und Investoren in der T\u00fcrkei angeboten wird, zu revolutionieren.<\/p>\n<p>Unsere brandneue, innovative Plattform basiert auf einer Kombination aus unserer starken Social-Media-Pr\u00e4senz und unserem umfangreichen Kommunikationsnetzwerk, um Ihre Interessen bestm\u00f6glich zu bedienen. Wenn Sie in der T\u00fcrkei Immobilien zum Verkauf, zur Miete oder zu Investitionszwecken suchen, ist LINA PROPERTY REAL ESTATE ALANYA bereit, Ihnen zu helfen. Unsere Hauptphilosophie besteht darin, einen Service zu schaffen, der auf 100 % Ehrlichkeit und Transparenz basiert, was unserer Meinung nach das wichtigste Merkmal ist, das in der Branche fehlt.<\/p>\n<p>Bei LINA PROPERTY ALANYA sind wir stolz darauf, ein vielseitiges und mehrsprachiges Unternehmen zu sein. Daher k\u00f6nnen Sie unsere Dienstleistungen auf Englisch, Russisch, Persisch, Deutsch, Arabisch und nat\u00fcrlich T\u00fcrkisch finden.<\/p>\n<p>Wir sind stolz auf unsere Politik der 100%igen Transparenz und Ehrlichkeit von Anfang an. Dies bedeutet, dass Sie beim Betrachten einer zum Verkauf stehenden Immobilie in Alanya niemals unangenehme \u00dcberraschungen erleben und alle Informationen, die Sie ben\u00f6tigen, vor dem Betrachten der Immobilie erhalten. Als Investoren wissen wir, dass Ihre Zeit Geld ist. Daher tun wir unser Bestes, um sicherzustellen, dass jede Besichtigung zu einem erfolgreichen Abschluss f\u00fchrt, sodass weder Ihre Zeit noch die Zeit des Verk\u00e4ufers verschwendet wird.<\/p>\n<p>Wenn Sie eine Immobilie kaufen m\u00f6chten, stehen Ihnen unsere freundlichen Berater bei jedem Schritt des Weges zur Seite. Wir werden Ihre Anforderungen sorgf\u00e4ltig anh\u00f6ren und dann nach einer Liste von Eigenschaften suchen, die f\u00fcr Sie geeignet sein k\u00f6nnten. Wenn Sie bereit sind zu besuchen, helfen wir Ihnen bei der Organisation und sind da, um Ihnen die ausgew\u00e4hlten Bereiche und Immobilien zu zeigen.<\/p>\n<p>Wir werden auch auf andere Weise helfen \u2013 wir haben eine interne Hypothekenabteilung, und unsere empfohlenen Expertenpartner k\u00f6nnen Sie durch alle rechtlichen und finanziellen Prozesse f\u00fchren. Es h\u00f6rt hier nicht auf \u2013 sobald Sie das perfekte Zuhause gefunden haben, kann unser hervorragendes After-Sales-Team Ihnen bei allem helfen, vom Einrichten Ihres WLANs bis hin zur Beschaffung und \u00dcberpr\u00fcfung von M\u00f6beln, und bietet sogar einen kompletten Mietverwaltungsservice an.<\/p>\n<p>Wenn Sie eine Immobilie zu verkaufen haben, brauchen Sie nicht weiter zu suchen! Unsere Berater besuchen Ihr Zuhause, geben Ihnen eine faire Bewertung und beginnen dann, Ihr Zuhause zu vermarkten und zu verkaufen.<\/p>\n<p>Wir sind ein Familienunternehmen, und die meisten von uns hier haben bereits diese Reise des Kaufs und Umzugs ins Ausland begonnen. Daher verstehen wir, dass der Prozess manchmal einsch\u00fcchternd wirken kann, aber wir lieben Alanya und sind hier, um Ihnen zu helfen, die gleichen Schritte zu unternehmen und diesen Traum zu verwirklichen. Wenn Sie Fragen haben, schreiben Sie uns eine Nachricht oder rufen Sie uns an; daf\u00fcr sind wir hier!<\/p>\n<p><strong>UNSERE DIENSTLEISTUNGEN:<\/strong><\/p>\n<ul>\n<li>EXPERTENDIENSTE<\/li>\n<li>WOHNUNGSPR\u00c4SENTATION<\/li>\n<li>LAND- UND FELDVERKAUF<\/li>\n<li>MIETOBJEKTE<\/li>\n<li>TAUSCHGESCH\u00c4FTE<\/li>\n<li>STAATSB\u00dcRGERSCHAFTSVERFAHREN<\/li>\n<li>STROM- UND WASSERVERFOLGUNG<\/li>\n<li>INVESTITIONSBERATUNG<\/li>\n<li>GRUNDBUCHVERFOLGUNG<\/li>\n<li>IMMOBILIEN\u00dcBERTRAGUNG<\/li>\n<li>KAUF- UND VERKAUFSDIENSTE<\/li>\n<\/ul>\n<p>&#8212; WIR SIND HIER, UM BESSERE DIENSTLEISTUNGEN IN ALANYA ZU BIETEN!! &#8212;[\/vc_column_text][\/vc_column][vc_column width=&#8220;1\/3&#8243;][vc_single_image image=&#8220;28960&#8243; img_size=&#8220;full&#8220; alignment=&#8220;right&#8220; onclick=&#8220;link_image&#8220;][vc_single_image image=&#8220;28961&#8243; img_size=&#8220;full&#8220; alignment=&#8220;right&#8220; onclick=&#8220;link_image&#8220;][vc_single_image image=&#8220;28962&#8243; img_size=&#8220;full&#8220; alignment=&#8220;right&#8220; onclick=&#8220;link_image&#8220;][vc_single_image image=&#8220;28964&#8243; img_size=&#8220;full&#8220; alignment=&#8220;right&#8220; onclick=&#8220;link_image&#8220;][\/vc_column][\/vc_row][vc_row full_width=&#8220;stretch_row&#8220; css=&#8220;.vc_custom_1494609476686{background-color: #f4f4f4 !important;}&#8220;][vc_column css=&#8220;.vc_custom_1494333765775{padding-top: 39px !important;padding-bottom: 24px !important;}&#8220;]<div class=\"mh-heading-wrapper--left \">\r\n\t\r\n        <div class=\"mh-heading-wrapper\">\r\n            <h3            class=\"mh-heading  mh-heading--bottom-separator   \"\r\n            style=\"font-weight:700;\">\r\n\t\t\tTriff das Team!        <\/h3>\r\n\r\n\t\t    <\/div>\r\n\r\n\t<\/div>\t<div class=\"owl-carousel owl-carousel--visible-3 \">\n\n\t\t\t\t\t<div class=\"mh-agent mh-agent--white\">\n\t\t\t\t<div\n\t\t\t\t   class=\"mh-agent__thumbnail\"\n\t\t\t\t   title=\"Umut At\u0131lgan\">\n\t\t\t\t\t\t\t<img\r\n\t\t\t\t\t\t\tdata-srcset=\"https:\/\/linaproperty.com\/wp-content\/uploads\/2024\/08\/WhatsApp-Gorsel-2024-08-26-saat-10.09.01_5aaf3a12-100x100.jpg 100w, https:\/\/linaproperty.com\/wp-content\/uploads\/2024\/08\/WhatsApp-Gorsel-2024-08-26-saat-10.09.01_5aaf3a12-150x150.jpg 150w, https:\/\/linaproperty.com\/wp-content\/uploads\/2024\/08\/WhatsApp-Gorsel-2024-08-26-saat-10.09.01_5aaf3a12-400x400.jpg 400w, https:\/\/linaproperty.com\/wp-content\/uploads\/2024\/08\/WhatsApp-Gorsel-2024-08-26-saat-10.09.01_5aaf3a12-200x200.jpg 200w\"\r\n\t\t\t\tclass=\"lazyload \"\r\n\t\t\t\tdata-sizes=\"auto\"\r\n\t\t\t\t\t\talt=\"Umut At\u0131lgan\"\r\n\t\t>\r\n\t\t                    <div class=\"mh-agent__languages\">\n                    <img class=\"qtranxs-flag\" src=\"\/wp-content\/plugins\/qtranslate-xt\/flags\/tr.png\"><img class=\"qtranxs-flag\" src=\"\/wp-content\/plugins\/qtranslate-xt\/flags\/gb.png\">                    <\/div>\n\t\t\t\t<\/div>\n\n\t\t\t\t<div class=\"mh-agent__content\">\n\t\t\t\t\t<h3 class=\"mh-agent__heading\">Umut At\u0131lgan<\/h3>\n\n\t\t\t\t\t\t\t\t\t\t\t<div class=\"mh-agent__additional-fields\">\n\t\t\t\t\t\t\t\t\t\t\t\t\t\t\t\t\t\t\t\t\t\t\t<div class=\"mh-agent__additional-fields__item organization\">\n                                    <strong>(English) Sales Consultant<\/strong>\t\t\t\t\t\t\t\t<\/div>\n\t\t\t\t\t\t\t\t\t\t\t\t\t\t\t\t\t\t\t\t\t\t\t\t\t\t\t\t\t<\/div>\n\t\t\t\t\t\n\n\t\t\t\t\t\n\t\t\t\t\t<div class=\"mh-agent-contact\">\n\t\t\t\t\t\t\t\t\t\t\t\t\t\t\t\t\t\t\t\t\t<div class=\"mh-agent-contact__element\">\n\t\t\t\t\t\t\t\t\t<a href=\"mailto:umut@linaproperty.com\">\n\t\t\t\t\t\t\t\t\t\t<i class=\"flaticon-mail-2\"><\/i>\n\t\t\t\t\t\t\t\t\t\tumut@linaproperty.com\t\t\t\t\t\t\t\t\t<\/a>\n\t\t\t\t\t\t\t\t<\/div>\n\t\t\t\t\t\t\t\t\t\t\t\t\t\n\t\t\t\t\t\t\t\t\t\t\t\t\t\t\t\t\t\t\t\t\t\t\t\t<\/div>\n\n\t\t\t\t\t\n\t\t\t\t\t\t\t\t\t<\/div>\n\t\t\t<\/div>\n\n\t\t\t\t\t<div class=\"mh-agent mh-agent--white\">\n\t\t\t\t<div\n\t\t\t\t   class=\"mh-agent__thumbnail\"\n\t\t\t\t   title=\"O\u011fuzhan \u015eirin\">\n\t\t\t\t\t\t\t<img\r\n\t\t\t\t\t\t\tdata-srcset=\"https:\/\/linaproperty.com\/wp-content\/uploads\/2024\/08\/WhatsApp-Gorsel-2024-08-26-saat-10.09.19_4ae67cd6-100x100.jpg 100w, https:\/\/linaproperty.com\/wp-content\/uploads\/2024\/08\/WhatsApp-Gorsel-2024-08-26-saat-10.09.19_4ae67cd6-150x150.jpg 150w, https:\/\/linaproperty.com\/wp-content\/uploads\/2024\/08\/WhatsApp-Gorsel-2024-08-26-saat-10.09.19_4ae67cd6-400x400.jpg 400w, https:\/\/linaproperty.com\/wp-content\/uploads\/2024\/08\/WhatsApp-Gorsel-2024-08-26-saat-10.09.19_4ae67cd6-200x200.jpg 200w\"\r\n\t\t\t\tclass=\"lazyload \"\r\n\t\t\t\tdata-sizes=\"auto\"\r\n\t\t\t\t\t\talt=\"O\u011fuzhan \u015eirin\"\r\n\t\t>\r\n\t\t                    <div class=\"mh-agent__languages\">\n                    <img class=\"qtranxs-flag\" src=\"\/wp-content\/plugins\/qtranslate-xt\/flags\/tr.png\"><img class=\"qtranxs-flag\" src=\"\/wp-content\/plugins\/qtranslate-xt\/flags\/gb.png\">                    <\/div>\n\t\t\t\t<\/div>\n\n\t\t\t\t<div class=\"mh-agent__content\">\n\t\t\t\t\t<h3 class=\"mh-agent__heading\">O\u011fuzhan \u015eirin<\/h3>\n\n\t\t\t\t\t\t\t\t\t\t\t<div class=\"mh-agent__additional-fields\">\n\t\t\t\t\t\t\t\t\t\t\t\t\t\t\t\t\t\t\t\t\t\t\t<div class=\"mh-agent__additional-fields__item organization\">\n                                    <strong>Sales Consultant<\/strong>\t\t\t\t\t\t\t\t<\/div>\n\t\t\t\t\t\t\t\t\t\t\t\t\t\t\t\t\t\t\t\t\t\t\t\t\t\t\t\t\t<\/div>\n\t\t\t\t\t\n\n\t\t\t\t\t\n\t\t\t\t\t<div class=\"mh-agent-contact\">\n\t\t\t\t\t\t\t\t\t\t\t\t\t\t\t\t\t\t\t\t\t<div class=\"mh-agent-contact__element\">\n\t\t\t\t\t\t\t\t\t<a href=\"mailto:oguz@linaproperty.com\">\n\t\t\t\t\t\t\t\t\t\t<i class=\"flaticon-mail-2\"><\/i>\n\t\t\t\t\t\t\t\t\t\toguz@linaproperty.com\t\t\t\t\t\t\t\t\t<\/a>\n\t\t\t\t\t\t\t\t<\/div>\n\t\t\t\t\t\t\t\t\t\t\t\t\t\n\t\t\t\t\t\t\t\t\t\t\t\t\t\t\t\t\t\t\t\t\t\t\t\t<\/div>\n\n\t\t\t\t\t\n\t\t\t\t\t\t\t\t\t<\/div>\n\t\t\t<\/div>\n\n\t\t\t\t\t<div class=\"mh-agent mh-agent--white\">\n\t\t\t\t<div\n\t\t\t\t   class=\"mh-agent__thumbnail\"\n\t\t\t\t   title=\"Hamdi G\u00f6kta\u015f\">\n\t\t\t\t\t\t\t<img\r\n\t\t\t\t\t\t\tdata-srcset=\"https:\/\/linaproperty.com\/wp-content\/uploads\/2024\/08\/WhatsApp-Gorsel-2024-08-26-saat-10.14.13_bd9b99c6-100x100.jpg 100w, https:\/\/linaproperty.com\/wp-content\/uploads\/2024\/08\/WhatsApp-Gorsel-2024-08-26-saat-10.14.13_bd9b99c6-150x150.jpg 150w, https:\/\/linaproperty.com\/wp-content\/uploads\/2024\/08\/WhatsApp-Gorsel-2024-08-26-saat-10.14.13_bd9b99c6-400x400.jpg 400w, https:\/\/linaproperty.com\/wp-content\/uploads\/2024\/08\/WhatsApp-Gorsel-2024-08-26-saat-10.14.13_bd9b99c6-200x200.jpg 200w\"\r\n\t\t\t\tclass=\"lazyload \"\r\n\t\t\t\tdata-sizes=\"auto\"\r\n\t\t\t\t\t\talt=\"Hamdi G\u00f6kta\u015f\"\r\n\t\t>\r\n\t\t                    <div class=\"mh-agent__languages\">\n                    <img class=\"qtranxs-flag\" src=\"\/wp-content\/plugins\/qtranslate-xt\/flags\/tr.png\">                    <\/div>\n\t\t\t\t<\/div>\n\n\t\t\t\t<div class=\"mh-agent__content\">\n\t\t\t\t\t<h3 class=\"mh-agent__heading\">Hamdi G\u00f6kta\u015f<\/h3>\n\n\t\t\t\t\t\t\t\t\t\t\t<div class=\"mh-agent__additional-fields\">\n\t\t\t\t\t\t\t\t\t\t\t\t\t\t\t\t\t\t\t\t\t\t\t<div class=\"mh-agent__additional-fields__item organization\">\n                                    <strong>(English) General Manager (owner)<\/strong>\t\t\t\t\t\t\t\t<\/div>\n\t\t\t\t\t\t\t\t\t\t\t\t\t\t\t\t\t\t\t\t\t\t\t<div class=\"mh-agent__additional-fields__item sort-order\">\n                                        \t\t\t\t\t\t\t\t\t<strong>\n    \t\t\t\t\t\t\t\t\t\tSort Order:\n    \t\t\t\t\t\t\t\t\t<\/strong>\n    \t\t\t\t\t\t\t\t\t    \t\t\t\t\t\t\t\t\t\t<a href=\"http:\/\/10\">\n    \t\t\t\t\t\t\t\t\t\t\t10    \t\t\t\t\t\t\t\t\t\t<\/a>\n    \t\t\t\t\t\t\t\t\t\t\t\t\t\t\t\t\t<\/div>\n\t\t\t\t\t\t\t\t\t\t\t\t\t\t\t\t\t\t\t\t\t<\/div>\n\t\t\t\t\t\n\n\t\t\t\t\t\n\t\t\t\t\t<div class=\"mh-agent-contact\">\n\t\t\t\t\t\t\t\t\t\t\t\t\t\t\t\t\t\t\t\t\t<div class=\"mh-agent-contact__element\">\n\t\t\t\t\t\t\t\t\t<a href=\"mailto:info@linaproperty.com\">\n\t\t\t\t\t\t\t\t\t\t<i class=\"flaticon-mail-2\"><\/i>\n\t\t\t\t\t\t\t\t\t\tinfo@linaproperty.com\t\t\t\t\t\t\t\t\t<\/a>\n\t\t\t\t\t\t\t\t<\/div>\n\t\t\t\t\t\t\t\t\t\t\t\t\t\n\t\t\t\t\t\t\t\t\t\t\t\t\t\t\t\t\t\t\t\t\t<div class=\"mh-agent-contact__element\">\n\t\t\t\t\t\t\t\t\t<a href=\"tel:+905531742888\">\n\t\t\t\t\t\t\t\t\t\t<i class=\"flaticon-phone\"><\/i>\n\t\t\t\t\t\t\t\t\t\t+90 553 174 28 88\t\t\t\t\t\t\t\t\t<\/a>\n\t\t\t\t\t\t\t\t<\/div>\n\t\t\t\t\t\t\t\t\t\t\t\t\t\t\t\t\t\t<\/div>\n\n\t\t\t\t\t\n\t\t\t\t\t\t\t\t\t<\/div>\n\t\t\t<\/div>\n\n\t\t\n\t<\/div>\n\n[\/vc_column][\/vc_row][vc_row][vc_column]<div class=\" \">\r\n\t\r\n        <div class=\"mh-heading-wrapper\">\r\n            <h2            class=\"mh-heading  mh-heading--bottom-separator   \"\r\n            style=\"font-weight:700;\">\r\n\t\t\tWas unsere Kunden denken        <\/h2>\r\n\r\n\t\t    <\/div>\r\n\r\n\t<\/div>\t<div class=\"owl-carousel owl-carousel--visible-1  mh-testimonials--dark mh-testimonials--standard\">\r\n\t\t\t\t\t<div class=\"item\">\r\n\t\t\t\t<article class=\"mh-testimonial\">\r\n\t\t\t\t\t<div class=\"mh-testimonial__inner\">\r\n\t\t\t\t\t\t<blockquote class=\"mh-testimonial__text\">\r\n\t\t\t\t\t\t\t<p class=\"qtranxs-available-languages-message qtranxs-available-languages-message-de\">Leider ist der Eintrag nur auf <a href=\"https:\/\/linaproperty.com\/tr\/wp-json\/wp\/v2\/pages\/1719\" class=\"qtranxs-available-language-link qtranxs-available-language-link-tr\" title=\"Turkish\">T\u00fcrkisch<\/a> verf\u00fcgbar.<\/p>\n<p>Merhabalar ismim O\u011fuzhan alanyada yapm\u0131\u015f oldu\u011f\u0131m yat\u0131r\u0131m Lina property Alanya sahibi hamdibeyin sayesinde yapt\u0131m projeden yapm\u0131\u015f oldu\u011fum yat\u0131r\u0131mla mutlu oldum i\u015f takibi i\u015f bitirmesi ve daha sonraki i\u015flemleri ile bizleri mutlu eden hamdi bey ve ekibine\u00e7ok te\u015fekk\u00fcr ederiz.<\/p>\n\t\t\t\t\t\t<\/blockquote>\r\n\t\t\t\t\t\t<div class=\"mh-testimonial__photo\">\r\n\t\t\t\t\t\t\t\t\t<img\r\n\t\t\t\t\t\t\tdata-srcset=\"https:\/\/linaproperty.com\/wp-content\/uploads\/2024\/08\/photo_5931680656088220526_y-100x100.jpg 100w, https:\/\/linaproperty.com\/wp-content\/uploads\/2024\/08\/photo_5931680656088220526_y-150x150.jpg 150w, https:\/\/linaproperty.com\/wp-content\/uploads\/2024\/08\/photo_5931680656088220526_y-400x400.jpg 400w, https:\/\/linaproperty.com\/wp-content\/uploads\/2024\/08\/photo_5931680656088220526_y-200x200.jpg 200w\"\r\n\t\t\t\tclass=\"lazyload \"\r\n\t\t\t\tdata-sizes=\"auto\"\r\n\t\t\t\t\t\talt=\"(Turkish) O\u011eUZHAN \u015e\u0130R\u0130N\"\r\n\t\t>\r\n\t\t\t\t\t\t\t\t<\/div>\r\n\r\n\t\t\t\t\t\t\t\t\t\t\t\t\t<div class=\"mh-testimonial__author-info\">\r\n\t\t\t\t\t\t\t\t\t\t\t\t\t\t\t\t\t<h3 class=\"mh-testimonial__author\">\r\n\t\t\t\t\t\t\t\t\t\t(Turkish) O\u011eUZHAN \u015e\u0130R\u0130N\t\t\t\t\t\t\t\t\t<\/h3>\r\n\t\t\t\t\t\t\t\t\r\n\t\t\t\t\t\t\t\t\t\t\t\t\t\t\t\t\t<div class=\"mh-testimonial__occupation\">\r\n\t\t\t\t\t\t\t\t\t\t(Turkish) alanya\t\t\t\t\t\t\t\t\t<\/div>\r\n\t\t\t\t\t\t\t\t\t\t\t\t\t\t\t<\/div>\r\n\t\t\t\t\t\t\t\t\t\t\t<\/div>\r\n\t\t\t\t<\/article>\r\n\t\t\t<\/div>\r\n\t\t\t\t\t<div class=\"item\">\r\n\t\t\t\t<article class=\"mh-testimonial\">\r\n\t\t\t\t\t<div class=\"mh-testimonial__inner\">\r\n\t\t\t\t\t\t<blockquote class=\"mh-testimonial__text\">\r\n\t\t\t\t\t\t\t<p class=\"qtranxs-available-languages-message qtranxs-available-languages-message-de\">Leider ist der Eintrag nur auf <a href=\"https:\/\/linaproperty.com\/tr\/wp-json\/wp\/v2\/pages\/1719\" class=\"qtranxs-available-language-link qtranxs-available-language-link-tr\" title=\"Turkish\">T\u00fcrkisch<\/a> verf\u00fcgbar.<\/p>\n<p>Alanyada ya\u015fam\u0131\u015f oldu\u011fum bir problemi lina property alanya sahibi hamdi g\u00f6kta\u015f ile \u00e7\u00f6zd\u00fcm<\/p>\n<p>Bir miktar param\u0131 in\u015faat firmas\u0131na verdim ve 2 sene rezil oldum fakat hamdi bey bu konuda yard\u0131mc\u0131 oldu param\u0131 kurtard\u0131r ve \u00fczerine bana daha uyguna bi daire satt\u0131 beni tapu sahibi yapt\u0131 ba\u015flang\u0131\u00e7tan sonuna kadar i\u015fi takip etmesiyle her\u015feyi titiz y\u00fcr\u00fctmesi ile g\u00fcvenimizi kazand\u0131 biz hamdi bey ve ekibinden \u00e7ok memnun kald\u0131k te\u015fekk\u00fcr ederiz.<\/p>\n\t\t\t\t\t\t<\/blockquote>\r\n\t\t\t\t\t\t<div class=\"mh-testimonial__photo\">\r\n\t\t\t\t\t\t\t\t\t<img\r\n\t\t\t\t\t\t\tdata-srcset=\"https:\/\/linaproperty.com\/wp-content\/uploads\/2024\/08\/photo_5931680656088220412_y-100x100.jpg 100w, https:\/\/linaproperty.com\/wp-content\/uploads\/2024\/08\/photo_5931680656088220412_y-150x150.jpg 150w, https:\/\/linaproperty.com\/wp-content\/uploads\/2024\/08\/photo_5931680656088220412_y-400x400.jpg 400w, https:\/\/linaproperty.com\/wp-content\/uploads\/2024\/08\/photo_5931680656088220412_y-200x200.jpg 200w\"\r\n\t\t\t\tclass=\"lazyload \"\r\n\t\t\t\tdata-sizes=\"auto\"\r\n\t\t\t\t\t\talt=\"(Turkish) G\u00dcLCAN AKG\u00dcL\"\r\n\t\t>\r\n\t\t\t\t\t\t\t\t<\/div>\r\n\r\n\t\t\t\t\t\t\t\t\t\t\t\t\t<div class=\"mh-testimonial__author-info\">\r\n\t\t\t\t\t\t\t\t\t\t\t\t\t\t\t\t\t<h3 class=\"mh-testimonial__author\">\r\n\t\t\t\t\t\t\t\t\t\t(Turkish) G\u00dcLCAN AKG\u00dcL\t\t\t\t\t\t\t\t\t<\/h3>\r\n\t\t\t\t\t\t\t\t\r\n\t\t\t\t\t\t\t\t\t\t\t\t\t\t\t\t\t<div class=\"mh-testimonial__occupation\">\r\n\t\t\t\t\t\t\t\t\t\t(Turkish) almanya\t\t\t\t\t\t\t\t\t<\/div>\r\n\t\t\t\t\t\t\t\t\t\t\t\t\t\t\t<\/div>\r\n\t\t\t\t\t\t\t\t\t\t\t<\/div>\r\n\t\t\t\t<\/article>\r\n\t\t\t<\/div>\r\n\t\t\t<\/div>\r\n[\/vc_column][\/vc_row][vc_row full_width=&#8220;stretch_row&#8220; css=&#8220;.vc_custom_1608986988736{background-color: #f4f4f4 !important;}&#8220;][vc_column css=&#8220;.vc_custom_1494333727302{padding-top: 39px !important;padding-bottom: 24px !important;}&#8220;]<div class=\" \">\r\n\t\r\n        <div class=\"mh-heading-wrapper\">\r\n            <h4            class=\"mh-heading  mh-heading--bottom-separator    vc_custom_1609924796548\"\r\n            style=\"font-weight:700;\">\r\n\t\t\tUnsere Gesch\u00e4ftspartner        <\/h4>\r\n\r\n\t\t    <\/div>\r\n\r\n\t<\/div>\t<div class=\"owl-carousel mh-clients owl-carousel--visible-5  \">\r\n\t\t\t\t\t<div class=\"item\">\r\n\t\t\t\t<div class=\"mh-client\">\r\n\t\t\t\t\t\t\t\t\t\t<a href=\"https:\/\/www.allianz.com.tr\/\" title=\"Allianz\"\r\n\t\t\t\t\t   target=\"_blank\">\r\n\t\t\t\t\t\t<img width=\"324\" height=\"56\" src=\"https:\/\/linaproperty.com\/wp-content\/uploads\/2022\/12\/logo-allianz.png\" class=\"attachment-full size-full wp-post-image\" alt=\"\" decoding=\"async\" loading=\"lazy\" srcset=\"https:\/\/linaproperty.com\/wp-content\/uploads\/2022\/12\/logo-allianz.png 324w, https:\/\/linaproperty.com\/wp-content\/uploads\/2022\/12\/logo-allianz-300x52.png 300w\" sizes=\"(max-width: 324px) 100vw, 324px\" \/>\t\t\t\t\t<\/a>\r\n\t\t\t\t\t\t\t\t<\/div>\r\n\t\t\t<\/div>\r\n\t\t\t\t\t<div class=\"item\">\r\n\t\t\t\t<div class=\"mh-client\">\r\n\t\t\t\t\t\t\t\t\t\t<a href=\"http:\/\/www.leartes.net\" title=\"Leartes.NET\"\r\n\t\t\t\t\t   target=\"_blank\">\r\n\t\t\t\t\t\t<img width=\"324\" height=\"56\" src=\"https:\/\/linaproperty.com\/wp-content\/uploads\/2017\/02\/logo-leartes_net.png\" class=\"attachment-full size-full wp-post-image\" alt=\"\" decoding=\"async\" loading=\"lazy\" srcset=\"https:\/\/linaproperty.com\/wp-content\/uploads\/2017\/02\/logo-leartes_net.png 324w, https:\/\/linaproperty.com\/wp-content\/uploads\/2017\/02\/logo-leartes_net-300x52.png 300w\" sizes=\"(max-width: 324px) 100vw, 324px\" \/>\t\t\t\t\t<\/a>\r\n\t\t\t\t\t\t\t\t<\/div>\r\n\t\t\t<\/div>\r\n\t\t\t\t\t<div class=\"item\">\r\n\t\t\t\t<div class=\"mh-client\">\r\n\t\t\t\t\t\t\t\t\t\t<a href=\"https:\/\/www.enzahome.com.tr\/\" title=\"Enza Home\"\r\n\t\t\t\t\t   target=\"_blank\">\r\n\t\t\t\t\t\t<img width=\"324\" height=\"56\" src=\"https:\/\/linaproperty.com\/wp-content\/uploads\/2017\/02\/enza-logo.png\" class=\"attachment-full size-full wp-post-image\" alt=\"\" decoding=\"async\" loading=\"lazy\" srcset=\"https:\/\/linaproperty.com\/wp-content\/uploads\/2017\/02\/enza-logo.png 324w, https:\/\/linaproperty.com\/wp-content\/uploads\/2017\/02\/enza-logo-300x52.png 300w\" sizes=\"(max-width: 324px) 100vw, 324px\" \/>\t\t\t\t\t<\/a>\r\n\t\t\t\t\t\t\t\t<\/div>\r\n\t\t\t<\/div>\r\n\t\t\t\t\t<div class=\"item\">\r\n\t\t\t\t<div class=\"mh-client\">\r\n\t\t\t\t\t\t\t\t\t\t<a href=\"https:\/\/www.kamburoglu.com.tr\/\" title=\"Kamburoglu\"\r\n\t\t\t\t\t   target=\"_blank\">\r\n\t\t\t\t\t\t<img width=\"324\" height=\"56\" src=\"https:\/\/linaproperty.com\/wp-content\/uploads\/2017\/02\/kamburoglu.png\" class=\"attachment-full size-full wp-post-image\" alt=\"\" decoding=\"async\" loading=\"lazy\" srcset=\"https:\/\/linaproperty.com\/wp-content\/uploads\/2017\/02\/kamburoglu.png 324w, https:\/\/linaproperty.com\/wp-content\/uploads\/2017\/02\/kamburoglu-300x52.png 300w\" sizes=\"(max-width: 324px) 100vw, 324px\" \/>\t\t\t\t\t<\/a>\r\n\t\t\t\t\t\t\t\t<\/div>\r\n\t\t\t<\/div>\r\n\t\t\t\t\t<div class=\"item\">\r\n\t\t\t\t<div class=\"mh-client\">\r\n\t\t\t\t\t\t\t\t\t\t<a href=\"http:\/\/www.mixxtravel.com\/\" title=\"Mixx Travel\"\r\n\t\t\t\t\t   target=\"_blank\">\r\n\t\t\t\t\t\t<img width=\"324\" height=\"56\" src=\"https:\/\/linaproperty.com\/wp-content\/uploads\/2017\/02\/mixx-travel.png\" class=\"attachment-full size-full wp-post-image\" alt=\"\" decoding=\"async\" loading=\"lazy\" srcset=\"https:\/\/linaproperty.com\/wp-content\/uploads\/2017\/02\/mixx-travel.png 324w, https:\/\/linaproperty.com\/wp-content\/uploads\/2017\/02\/mixx-travel-300x52.png 300w\" sizes=\"(max-width: 324px) 100vw, 324px\" \/>\t\t\t\t\t<\/a>\r\n\t\t\t\t\t\t\t\t<\/div>\r\n\t\t\t<\/div>\r\n\t\t\t<\/div>\r\n[\/vc_column][\/vc_row]<\/p>\n<\/section>","protected":false},"excerpt":{"rendered":"<p>[vc_row][vc_column css=&#8220;.vc_custom_1512407858131{padding-top: 12px !important;padding-bottom: 24px !important;}&#8220;][\/vc_column][\/vc_row][vc_row][vc_column width=&#8220;2\/3&#8243; css=&#8220;.vc_custom_1512407858131{padding-top: 12px !important;padding-bottom: 24px !important;}&#8220;][vc_column_text]LINA PROPERTY Alanya ist hier! Heute sind wir bereit, den Immobilienservice, der Verk\u00e4ufern, K\u00e4ufern und Investoren in der T\u00fcrkei angeboten wird, zu revolutionieren. Unsere brandneue, innovative Plattform basiert auf einer Kombination aus unserer starken Social-Media-Pr\u00e4senz und unserem umfangreichen Kommunikationsnetzwerk, um Ihre Interessen bestm\u00f6glich zu [&hellip;]<\/p>\n","protected":false},"author":39,"featured_media":0,"parent":0,"menu_order":0,"comment_status":"closed","ping_status":"closed","template":"page_full-width-with-top-title.php","meta":[],"_links":{"self":[{"href":"https:\/\/linaproperty.com\/de\/wp-json\/wp\/v2\/pages\/1719"}],"collection":[{"href":"https:\/\/linaproperty.com\/de\/wp-json\/wp\/v2\/pages"}],"about":[{"href":"https:\/\/linaproperty.com\/de\/wp-json\/wp\/v2\/types\/page"}],"author":[{"embeddable":true,"href":"https:\/\/linaproperty.com\/de\/wp-json\/wp\/v2\/users\/39"}],"replies":[{"embeddable":true,"href":"https:\/\/linaproperty.com\/de\/wp-json\/wp\/v2\/comments?post=1719"}],"version-history":[{"count":4,"href":"https:\/\/linaproperty.com\/de\/wp-json\/wp\/v2\/pages\/1719\/revisions"}],"predecessor-version":[{"id":28975,"href":"https:\/\/linaproperty.com\/de\/wp-json\/wp\/v2\/pages\/1719\/revisions\/28975"}],"wp:attachment":[{"href":"https:\/\/linaproperty.com\/de\/wp-json\/wp\/v2\/media?parent=1719"}],"curies":[{"name":"wp","href":"https:\/\/api.w.org\/{rel}","templated":true}]}}