{"id":1719,"date":"2017-05-05T15:22:08","date_gmt":"2017-05-05T15:22:08","guid":{"rendered":"http:\/\/export-1.test-tangibledesign.net\/?page_id=1719"},"modified":"2024-07-31T12:05:59","modified_gmt":"2024-07-31T09:05:59","slug":"about-us","status":"publish","type":"page","link":"https:\/\/linaproperty.com\/tr\/about-us\/","title":{"rendered":"Hakk\u0131m\u0131zda"},"content":{"rendered":"<section class=\"wpb-content-wrapper\"><p>[vc_row][vc_column css=&#8221;.vc_custom_1512407858131{padding-top: 12px !important;padding-bottom: 24px !important;}&#8221;]<div class=\"mh-heading-wrapper--left \">\r\n\t\r\n        <div class=\"mh-heading-wrapper\">\r\n            <h3            class=\"mh-heading  mh-heading--bottom-separator    vc_custom_1608988384325\"\r\n            style=\"font-weight:700;\">\r\n\t\t\tHAkKIMIZDA        <\/h3>\r\n\r\n\t\t    <\/div>\r\n\r\n\t<\/div>[\/vc_column][\/vc_row][vc_row][vc_column width=&#8221;2\/3&#8243; css=&#8221;.vc_custom_1512407858131{padding-top: 12px !important;padding-bottom: 24px !important;}&#8221;][vc_column_text]<strong>L\u0130NA PROPERTY<\/strong>\u00a0 &#8211; Alanya burada!<\/p>\n<p>Bug\u00fcn T\u00fcrkiye\u2019da sat\u0131c\u0131lara, al\u0131c\u0131lara ve yat\u0131r\u0131mc\u0131lara sunulan emlak hizmetinde devrim yaratmaya haz\u0131r\u0131z.<\/p>\n<p>Yepyeni, yenilik\u00e7i platformumuz, ilgi alanlar\u0131n\u0131za en iyi \u015fekilde hizmet etmek i\u00e7in g\u00fc\u00e7l\u00fc sosyal medya varl\u0131\u011f\u0131m\u0131z ile geni\u015f ileti\u015fim a\u011f\u0131m\u0131z\u0131n bir kar\u0131\u015f\u0131m\u0131na dayanmaktad\u0131r. T\u00fcrkiye\u2019da sat\u0131l\u0131k, kiral\u0131k veya yat\u0131r\u0131m ama\u00e7l\u0131 emlak ar\u0131yorsan\u0131z, L\u0130NA PROPERTY REALESTATE ALANYA Emlak size yard\u0131mc\u0131 olmaya haz\u0131rd\u0131r. Ana felsefemiz, sekt\u00f6r\u00fcn eksik oldu\u011funu d\u00fc\u015f\u00fcnd\u00fc\u011f\u00fcm\u00fcz en \u00f6nemli \u00f6zelli\u011fi olan %100 d\u00fcr\u00fcstl\u00fck ve \u015feffafl\u0131\u011fa dayal\u0131 bir hizmet yaratmakt\u0131r.<\/p>\n<p>L\u0130NA PROPERTY ALANYA Emlak olarak, \u00e7ok y\u00f6nl\u00fc ve \u00e7ok dilli bir \u015firket olmaktan gurur duyuyoruz. Bu nedenle hizmetlerimizi \u0130ngilizce, Rus\u00e7a, Fars\u00e7a, Almanca, Arap\u00e7a ve tabii ki T\u00fcrk\u00e7e olarak bulabilirsiniz.<\/p>\n<p>Bizimle \u00e7al\u0131\u015fma s\u00fcrecinin en ba\u015f\u0131ndan itibaren %100 \u015feffafl\u0131k ve d\u00fcr\u00fcstl\u00fck politikam\u0131zla gurur duyuyoruz. Bu, Alanya\u2019da sat\u0131l\u0131k bir m\u00fclke bakt\u0131\u011f\u0131n\u0131zda asla talihsiz s\u00fcrprizlerle kar\u015f\u0131la\u015fmayaca\u011f\u0131n\u0131z ve m\u00fclk\u00fc g\u00f6rmeden \u00f6nce ihtiyac\u0131n\u0131z olan t\u00fcm bilgilere eri\u015febilece\u011finiz anlam\u0131na gelir. Yat\u0131r\u0131mc\u0131lar olarak zaman\u0131n\u0131z\u0131n nakit oldu\u011funu biliyoruz. Bu nedenle, her g\u00f6r\u00fcnt\u00fclemenin b\u00fcy\u00fck bir anla\u015fmay\u0131 kapatmaya yol a\u00e7mas\u0131n\u0131 sa\u011flamak i\u00e7in her t\u00fcrl\u00fc \u00e7abay\u0131 g\u00f6steriyoruz, b\u00f6ylece zaman\u0131n\u0131z ve sat\u0131c\u0131n\u0131n zaman\u0131 bo\u015fa gitmesin.<\/p>\n<p>Bir m\u00fclk sat\u0131n almak istiyorsan\u0131z, dost dan\u0131\u015fmanlar\u0131m\u0131z yolculu\u011fun her ad\u0131m\u0131nda yan\u0131n\u0131zda olacak. Gereksinimlerinizi dikkatlice dinleyece\u011fiz ve ard\u0131ndan size uygun olabilecek \u00f6zelliklerin bir listesini bulmak i\u00e7in arama yapaca\u011f\u0131z. Ziyaret etmeye haz\u0131r oldu\u011funuzda, her \u015feyi organize etmenize yard\u0131mc\u0131 olaca\u011f\u0131z ve se\u00e7ti\u011finiz alanlar\u0131 ve m\u00fclkleri size g\u00f6stermek i\u00e7in burada olaca\u011f\u0131z.<\/p>\n<p>Ba\u015fka \u015fekillerde de yard\u0131mc\u0131 olmak i\u00e7in orada olaca\u011f\u0131z \u2013 kurum i\u00e7i bir ipotek departman\u0131m\u0131z var ve \u00f6nerilen uzman ortaklar\u0131m\u0131z, t\u00fcm yasal ve finansal s\u00fcre\u00e7lerde size rehberlik edebilecek. Burada bitmiyor \u2013 m\u00fckemmel evi buldu\u011funuzda, wifi\u2019nizi d\u00fczenlemekten mobilya tedarik etmeye ve kontrol etmeye kadar her konuda yard\u0131mc\u0131 olabilecek harika sat\u0131\u015f sonras\u0131 ekibimizle anahtarlar elinize ge\u00e7tikten sonra bile devam ediyoruz. tam bir kiralama y\u00f6netimi hizmetine g\u00f6nderin.<\/p>\n<p>Satacak bir m\u00fclk\u00fcn\u00fcz varsa, ba\u015fka yere bakman\u0131za gerek yok! Dan\u0131\u015fmanlar\u0131m\u0131z evinizi ziyaret edecek, size adil bir de\u011fer bi\u00e7ecek ve ard\u0131ndan evinizi pazarlamak ve\u00a0 satmak i\u00e7in i\u015fe koyulaca\u011f\u0131z.<\/p>\n<p>Biz bir aile \u015firketiyiz ve burada \u00e7al\u0131\u015fan \u00e7o\u011fumuz bu yurtd\u0131\u015f\u0131 sat\u0131n alma ve ta\u015f\u0131nma yolculu\u011funa \u00e7oktan ba\u015flad\u0131k. Bu nedenle, s\u00fcrecin bazen g\u00f6z korkutucu g\u00f6r\u00fcnebilece\u011fini anl\u0131yoruz, ancak Alanya\u2019y\u0131 seviyoruz ve ayn\u0131 ad\u0131mlar\u0131 atman\u0131za ve bu hayali ger\u00e7ekle\u015ftirmenize yard\u0131mc\u0131 olmak i\u00e7in buraday\u0131z. Herhangi bir sorunuz varsa, bize bir sat\u0131r b\u0131rak\u0131n veya bizi aray\u0131n, bunun i\u00e7in buraday\u0131z!<\/p>\n<p><strong>\u015e\u0130RKETM\u0130Z\u0130N H\u0130ZMETLER\u0130:<\/strong><\/p>\n<p>EKSPER H\u0130ZMETLER\u0130<\/p>\n<p>DA\u0130RE SUNUMU<\/p>\n<p>ARSA TARLA SATI\u015eI<\/p>\n<p>K\u0130RALIK GAYR\u0130MENUKLLER<\/p>\n<p>KAT KAR\u015eLI\u011eI \u0130\u015eLEMLER<\/p>\n<p>VATANDA\u015eLIK \u0130\u015eLEMLER\u0130<\/p>\n<p>ELEKT\u0130R\u0130K SU TAK\u0130B\u0130<\/p>\n<p>YATIRIM DANI\u015eMANLI\u011eI<\/p>\n<p>TAPU TAK\u0130P \u0130\u015eLEMLER\u0130<\/p>\n<p>DEVREN M\u00dcLK<\/p>\n<p>DEVREN SATILIK<\/p>\n<p>ALIM-SATIM H\u0130ZMETLER\u0130<\/p>\n<p>&#8212; ALANYADA DAHA \u0130Y\u0130 H\u0130ZMETLER SUNAB\u0130LMEK \u0130\u00c7\u0130N BURADAYIZ !! &#8212;-[\/vc_column_text][\/vc_column][vc_column width=&#8221;1\/3&#8243;][vc_single_image image=&#8221;28960&#8243; img_size=&#8221;full&#8221; alignment=&#8221;right&#8221; onclick=&#8221;link_image&#8221;][vc_single_image image=&#8221;28961&#8243; img_size=&#8221;full&#8221; alignment=&#8221;right&#8221; onclick=&#8221;link_image&#8221;][vc_single_image image=&#8221;28962&#8243; img_size=&#8221;full&#8221; alignment=&#8221;right&#8221; onclick=&#8221;link_image&#8221;][vc_single_image image=&#8221;28964&#8243; img_size=&#8221;full&#8221; alignment=&#8221;right&#8221; onclick=&#8221;link_image&#8221;][\/vc_column][\/vc_row][vc_row][vc_column]<div class=\" \">\r\n\t\r\n        <div class=\"mh-heading-wrapper\">\r\n            <h2            class=\"mh-heading  mh-heading--bottom-separator   \"\r\n            style=\"font-weight:700;\">\r\n\t\t\tM\u00fc\u015fterilerimiz ne d\u00fc\u015f\u00fcn\u00fcyor        <\/h2>\r\n\r\n\t\t    <\/div>\r\n\r\n\t<\/div>\t<div class=\"owl-carousel owl-carousel--visible-1  mh-testimonials--dark mh-testimonials--standard\">\r\n\t\t\t\t\t<div class=\"item\">\r\n\t\t\t\t<article class=\"mh-testimonial\">\r\n\t\t\t\t\t<div class=\"mh-testimonial__inner\">\r\n\t\t\t\t\t\t<blockquote class=\"mh-testimonial__text\">\r\n\t\t\t\t\t\t\t<p>Merhabalar ismim O\u011fuzhan alanyada yapm\u0131\u015f oldu\u011f\u0131m yat\u0131r\u0131m Lina property Alanya sahibi hamdibeyin sayesinde yapt\u0131m projeden yapm\u0131\u015f oldu\u011fum yat\u0131r\u0131mla mutlu oldum i\u015f takibi i\u015f bitirmesi ve daha sonraki i\u015flemleri ile bizleri mutlu eden hamdi bey ve ekibine\u00e7ok te\u015fekk\u00fcr ederiz.<\/p>\n\t\t\t\t\t\t<\/blockquote>\r\n\t\t\t\t\t\t<div class=\"mh-testimonial__photo\">\r\n\t\t\t\t\t\t\t\t\t<img\r\n\t\t\t\t\t\t\tdata-srcset=\"https:\/\/linaproperty.com\/wp-content\/uploads\/2024\/08\/photo_5931680656088220526_y-100x100.jpg 100w, https:\/\/linaproperty.com\/wp-content\/uploads\/2024\/08\/photo_5931680656088220526_y-150x150.jpg 150w, https:\/\/linaproperty.com\/wp-content\/uploads\/2024\/08\/photo_5931680656088220526_y-400x400.jpg 400w, https:\/\/linaproperty.com\/wp-content\/uploads\/2024\/08\/photo_5931680656088220526_y-200x200.jpg 200w\"\r\n\t\t\t\tclass=\"lazyload \"\r\n\t\t\t\tdata-sizes=\"auto\"\r\n\t\t\t\t\t\talt=\"O\u011eUZHAN \u015e\u0130R\u0130N\"\r\n\t\t>\r\n\t\t\t\t\t\t\t\t<\/div>\r\n\r\n\t\t\t\t\t\t\t\t\t\t\t\t\t<div class=\"mh-testimonial__author-info\">\r\n\t\t\t\t\t\t\t\t\t\t\t\t\t\t\t\t\t<h3 class=\"mh-testimonial__author\">\r\n\t\t\t\t\t\t\t\t\t\tO\u011eUZHAN \u015e\u0130R\u0130N\t\t\t\t\t\t\t\t\t<\/h3>\r\n\t\t\t\t\t\t\t\t\r\n\t\t\t\t\t\t\t\t\t\t\t\t\t\t\t\t\t<div class=\"mh-testimonial__occupation\">\r\n\t\t\t\t\t\t\t\t\t\talanya\t\t\t\t\t\t\t\t\t<\/div>\r\n\t\t\t\t\t\t\t\t\t\t\t\t\t\t\t<\/div>\r\n\t\t\t\t\t\t\t\t\t\t\t<\/div>\r\n\t\t\t\t<\/article>\r\n\t\t\t<\/div>\r\n\t\t\t\t\t<div class=\"item\">\r\n\t\t\t\t<article class=\"mh-testimonial\">\r\n\t\t\t\t\t<div class=\"mh-testimonial__inner\">\r\n\t\t\t\t\t\t<blockquote class=\"mh-testimonial__text\">\r\n\t\t\t\t\t\t\t<p>Alanyada ya\u015fam\u0131\u015f oldu\u011fum bir problemi lina property alanya sahibi hamdi g\u00f6kta\u015f ile \u00e7\u00f6zd\u00fcm<\/p>\n<p>Bir miktar param\u0131 in\u015faat firmas\u0131na verdim ve 2 sene rezil oldum fakat hamdi bey bu konuda yard\u0131mc\u0131 oldu param\u0131 kurtard\u0131r ve \u00fczerine bana daha uyguna bi daire satt\u0131 beni tapu sahibi yapt\u0131 ba\u015flang\u0131\u00e7tan sonuna kadar i\u015fi takip etmesiyle her\u015feyi titiz y\u00fcr\u00fctmesi ile g\u00fcvenimizi kazand\u0131 biz hamdi bey ve ekibinden \u00e7ok memnun kald\u0131k te\u015fekk\u00fcr ederiz.<\/p>\n\t\t\t\t\t\t<\/blockquote>\r\n\t\t\t\t\t\t<div class=\"mh-testimonial__photo\">\r\n\t\t\t\t\t\t\t\t\t<img\r\n\t\t\t\t\t\t\tdata-srcset=\"https:\/\/linaproperty.com\/wp-content\/uploads\/2024\/08\/photo_5931680656088220412_y-100x100.jpg 100w, https:\/\/linaproperty.com\/wp-content\/uploads\/2024\/08\/photo_5931680656088220412_y-150x150.jpg 150w, https:\/\/linaproperty.com\/wp-content\/uploads\/2024\/08\/photo_5931680656088220412_y-400x400.jpg 400w, https:\/\/linaproperty.com\/wp-content\/uploads\/2024\/08\/photo_5931680656088220412_y-200x200.jpg 200w\"\r\n\t\t\t\tclass=\"lazyload \"\r\n\t\t\t\tdata-sizes=\"auto\"\r\n\t\t\t\t\t\talt=\"G\u00dcLCAN AKG\u00dcL\"\r\n\t\t>\r\n\t\t\t\t\t\t\t\t<\/div>\r\n\r\n\t\t\t\t\t\t\t\t\t\t\t\t\t<div class=\"mh-testimonial__author-info\">\r\n\t\t\t\t\t\t\t\t\t\t\t\t\t\t\t\t\t<h3 class=\"mh-testimonial__author\">\r\n\t\t\t\t\t\t\t\t\t\tG\u00dcLCAN AKG\u00dcL\t\t\t\t\t\t\t\t\t<\/h3>\r\n\t\t\t\t\t\t\t\t\r\n\t\t\t\t\t\t\t\t\t\t\t\t\t\t\t\t\t<div class=\"mh-testimonial__occupation\">\r\n\t\t\t\t\t\t\t\t\t\talmanya\t\t\t\t\t\t\t\t\t<\/div>\r\n\t\t\t\t\t\t\t\t\t\t\t\t\t\t\t<\/div>\r\n\t\t\t\t\t\t\t\t\t\t\t<\/div>\r\n\t\t\t\t<\/article>\r\n\t\t\t<\/div>\r\n\t\t\t<\/div>\r\n[\/vc_column][\/vc_row][vc_row full_width=&#8221;stretch_row&#8221; css=&#8221;.vc_custom_1608987457755{background-color: #f4f4f4 !important;}&#8221;][vc_column css=&#8221;.vc_custom_1494333727302{padding-top: 39px !important;padding-bottom: 24px !important;}&#8221;]<div class=\" \">\r\n\t\r\n        <div class=\"mh-heading-wrapper\">\r\n            <h4            class=\"mh-heading  mh-heading--bottom-separator    vc_custom_1608988631472\"\r\n            style=\"font-weight:700;\">\r\n\t\t\t\u0130\u015f Ortaklar\u0131m\u0131z        <\/h4>\r\n\r\n\t\t    <\/div>\r\n\r\n\t<\/div>\t<div class=\"owl-carousel mh-clients owl-carousel--visible-5  \">\r\n\t\t\t\t\t<div class=\"item\">\r\n\t\t\t\t<div class=\"mh-client\">\r\n\t\t\t\t\t\t\t\t\t\t<a href=\"https:\/\/www.allianz.com.tr\/\" title=\"Allianz\"\r\n\t\t\t\t\t   target=\"_blank\">\r\n\t\t\t\t\t\t<img width=\"324\" height=\"56\" src=\"https:\/\/linaproperty.com\/wp-content\/uploads\/2022\/12\/logo-allianz.png\" class=\"attachment-full size-full wp-post-image\" alt=\"\" decoding=\"async\" loading=\"lazy\" srcset=\"https:\/\/linaproperty.com\/wp-content\/uploads\/2022\/12\/logo-allianz.png 324w, https:\/\/linaproperty.com\/wp-content\/uploads\/2022\/12\/logo-allianz-300x52.png 300w\" sizes=\"(max-width: 324px) 100vw, 324px\" \/>\t\t\t\t\t<\/a>\r\n\t\t\t\t\t\t\t\t<\/div>\r\n\t\t\t<\/div>\r\n\t\t\t\t\t<div class=\"item\">\r\n\t\t\t\t<div class=\"mh-client\">\r\n\t\t\t\t\t\t\t\t\t\t<a href=\"http:\/\/www.leartes.net\" title=\"Leartes.NET\"\r\n\t\t\t\t\t   target=\"_blank\">\r\n\t\t\t\t\t\t<img width=\"324\" height=\"56\" src=\"https:\/\/linaproperty.com\/wp-content\/uploads\/2017\/02\/logo-leartes_net.png\" class=\"attachment-full size-full wp-post-image\" alt=\"\" decoding=\"async\" loading=\"lazy\" srcset=\"https:\/\/linaproperty.com\/wp-content\/uploads\/2017\/02\/logo-leartes_net.png 324w, https:\/\/linaproperty.com\/wp-content\/uploads\/2017\/02\/logo-leartes_net-300x52.png 300w\" sizes=\"(max-width: 324px) 100vw, 324px\" \/>\t\t\t\t\t<\/a>\r\n\t\t\t\t\t\t\t\t<\/div>\r\n\t\t\t<\/div>\r\n\t\t\t\t\t<div class=\"item\">\r\n\t\t\t\t<div class=\"mh-client\">\r\n\t\t\t\t\t\t\t\t\t\t<a href=\"https:\/\/www.enzahome.com.tr\/\" title=\"Enza Home\"\r\n\t\t\t\t\t   target=\"_blank\">\r\n\t\t\t\t\t\t<img width=\"324\" height=\"56\" src=\"https:\/\/linaproperty.com\/wp-content\/uploads\/2017\/02\/enza-logo.png\" class=\"attachment-full size-full wp-post-image\" alt=\"\" decoding=\"async\" loading=\"lazy\" srcset=\"https:\/\/linaproperty.com\/wp-content\/uploads\/2017\/02\/enza-logo.png 324w, https:\/\/linaproperty.com\/wp-content\/uploads\/2017\/02\/enza-logo-300x52.png 300w\" sizes=\"(max-width: 324px) 100vw, 324px\" \/>\t\t\t\t\t<\/a>\r\n\t\t\t\t\t\t\t\t<\/div>\r\n\t\t\t<\/div>\r\n\t\t\t\t\t<div class=\"item\">\r\n\t\t\t\t<div class=\"mh-client\">\r\n\t\t\t\t\t\t\t\t\t\t<a href=\"https:\/\/www.kamburoglu.com.tr\/\" title=\"Kamburoglu\"\r\n\t\t\t\t\t   target=\"_blank\">\r\n\t\t\t\t\t\t<img width=\"324\" height=\"56\" src=\"https:\/\/linaproperty.com\/wp-content\/uploads\/2017\/02\/kamburoglu.png\" class=\"attachment-full size-full wp-post-image\" alt=\"\" decoding=\"async\" loading=\"lazy\" srcset=\"https:\/\/linaproperty.com\/wp-content\/uploads\/2017\/02\/kamburoglu.png 324w, https:\/\/linaproperty.com\/wp-content\/uploads\/2017\/02\/kamburoglu-300x52.png 300w\" sizes=\"(max-width: 324px) 100vw, 324px\" \/>\t\t\t\t\t<\/a>\r\n\t\t\t\t\t\t\t\t<\/div>\r\n\t\t\t<\/div>\r\n\t\t\t\t\t<div class=\"item\">\r\n\t\t\t\t<div class=\"mh-client\">\r\n\t\t\t\t\t\t\t\t\t\t<a href=\"http:\/\/www.mixxtravel.com\/\" title=\"Mixx Travel\"\r\n\t\t\t\t\t   target=\"_blank\">\r\n\t\t\t\t\t\t<img width=\"324\" height=\"56\" src=\"https:\/\/linaproperty.com\/wp-content\/uploads\/2017\/02\/mixx-travel.png\" class=\"attachment-full size-full wp-post-image\" alt=\"\" decoding=\"async\" loading=\"lazy\" srcset=\"https:\/\/linaproperty.com\/wp-content\/uploads\/2017\/02\/mixx-travel.png 324w, https:\/\/linaproperty.com\/wp-content\/uploads\/2017\/02\/mixx-travel-300x52.png 300w\" sizes=\"(max-width: 324px) 100vw, 324px\" \/>\t\t\t\t\t<\/a>\r\n\t\t\t\t\t\t\t\t<\/div>\r\n\t\t\t<\/div>\r\n\t\t\t<\/div>\r\n[\/vc_column][\/vc_row]<\/p>\n<\/section>","protected":false},"excerpt":{"rendered":"<p>[vc_row][vc_column css=&#8221;.vc_custom_1512407858131{padding-top: 12px !important;padding-bottom: 24px !important;}&#8221;][\/vc_column][\/vc_row][vc_row][vc_column width=&#8221;2\/3&#8243; css=&#8221;.vc_custom_1512407858131{padding-top: 12px !important;padding-bottom: 24px !important;}&#8221;][vc_column_text]L\u0130NA PROPERTY\u00a0 &#8211; Alanya burada! Bug\u00fcn T\u00fcrkiye\u2019da sat\u0131c\u0131lara, al\u0131c\u0131lara ve yat\u0131r\u0131mc\u0131lara sunulan emlak hizmetinde devrim yaratmaya haz\u0131r\u0131z. Yepyeni, yenilik\u00e7i platformumuz, ilgi alanlar\u0131n\u0131za en iyi \u015fekilde hizmet etmek i\u00e7in g\u00fc\u00e7l\u00fc sosyal medya varl\u0131\u011f\u0131m\u0131z ile geni\u015f ileti\u015fim a\u011f\u0131m\u0131z\u0131n bir kar\u0131\u015f\u0131m\u0131na dayanmaktad\u0131r. T\u00fcrkiye\u2019da sat\u0131l\u0131k, kiral\u0131k veya yat\u0131r\u0131m [&hellip;]<\/p>\n","protected":false},"author":39,"featured_media":0,"parent":0,"menu_order":0,"comment_status":"closed","ping_status":"closed","template":"page_full-width-with-top-title.php","meta":[],"_links":{"self":[{"href":"https:\/\/linaproperty.com\/tr\/wp-json\/wp\/v2\/pages\/1719"}],"collection":[{"href":"https:\/\/linaproperty.com\/tr\/wp-json\/wp\/v2\/pages"}],"about":[{"href":"https:\/\/linaproperty.com\/tr\/wp-json\/wp\/v2\/types\/page"}],"author":[{"embeddable":true,"href":"https:\/\/linaproperty.com\/tr\/wp-json\/wp\/v2\/users\/39"}],"replies":[{"embeddable":true,"href":"https:\/\/linaproperty.com\/tr\/wp-json\/wp\/v2\/comments?post=1719"}],"version-history":[{"count":4,"href":"https:\/\/linaproperty.com\/tr\/wp-json\/wp\/v2\/pages\/1719\/revisions"}],"predecessor-version":[{"id":28975,"href":"https:\/\/linaproperty.com\/tr\/wp-json\/wp\/v2\/pages\/1719\/revisions\/28975"}],"wp:attachment":[{"href":"https:\/\/linaproperty.com\/tr\/wp-json\/wp\/v2\/media?parent=1719"}],"curies":[{"name":"wp","href":"https:\/\/api.w.org\/{rel}","templated":true}]}}